{"id":362,"date":"2026-04-04T23:00:35","date_gmt":"2026-04-04T21:00:35","guid":{"rendered":"https:\/\/www.orthohering.cz\/?page_id=362"},"modified":"2026-04-04T23:06:39","modified_gmt":"2026-04-04T21:06:39","slug":"udrzba-webu","status":"publish","type":"page","link":"https:\/\/www.orthohering.cz\/","title":{"rendered":"\u00dadr\u017eba webu"},"content":{"rendered":"\t\t<div data-elementor-type=\"wp-page\" data-elementor-id=\"362\" class=\"elementor elementor-362\" data-elementor-post-type=\"page\">\n\t\t\t\t<div class=\"elementor-element elementor-element-161e788 e-flex e-con-boxed e-con e-parent\" data-id=\"161e788\" data-element_type=\"container\" data-e-type=\"container\" data-settings=\"{&quot;background_background&quot;:&quot;classic&quot;}\">\n\t\t\t\t\t<div class=\"e-con-inner\">\n\t\t<div class=\"elementor-element elementor-element-3fb95f3 e-con-full e-flex elementor-invisible e-con e-child\" data-id=\"3fb95f3\" data-element_type=\"container\" data-e-type=\"container\" data-settings=\"{&quot;background_background&quot;:&quot;classic&quot;,&quot;animation&quot;:&quot;fadeInUp&quot;}\">\n\t\t\t\t<div class=\"elementor-element elementor-element-e25c90b elementor-invisible elementor-widget elementor-widget-heading\" data-id=\"e25c90b\" data-element_type=\"widget\" data-e-type=\"widget\" data-settings=\"{&quot;_animation&quot;:&quot;fadeInUp&quot;,&quot;_animation_delay&quot;:200}\" data-widget_type=\"heading.default\">\n\t\t\t\t<div class=\"elementor-widget-container\">\n\t\t\t\t\t<h1 class=\"elementor-heading-title elementor-size-default\">Str\u00e1nky jsou aktu\u00e1ln\u011b v \u00fadr\u017eb\u011b.<\/h1>\t\t\t\t<\/div>\n\t\t\t\t<\/div>\n\t\t\t\t<div class=\"elementor-element elementor-element-942e946 elementor-invisible elementor-widget elementor-widget-heading\" data-id=\"942e946\" data-element_type=\"widget\" data-e-type=\"widget\" data-settings=\"{&quot;_animation&quot;:&quot;fadeInUp&quot;,&quot;_animation_delay&quot;:300}\" data-widget_type=\"heading.default\">\n\t\t\t\t<div class=\"elementor-widget-container\">\n\t\t\t\t\t<h5 class=\"elementor-heading-title elementor-size-default\">Dostupn\u00e9 budou nejpozd\u011bji 6. dubna.<\/h5>\t\t\t\t<\/div>\n\t\t\t\t<\/div>\n\t\t\t\t<\/div>\n\t\t\t\t\t<\/div>\n\t\t\t\t<\/div>\n\t\t\t\t<\/div>\n\t\t","protected":false},"excerpt":{"rendered":"<p>Str\u00e1nky jsou aktu\u00e1ln\u011b v \u00fadr\u017eb\u011b. Dostupn\u00e9 budou nejpozd\u011bji 6. dubna.<\/p>\n","protected":false},"author":7,"featured_media":0,"parent":0,"menu_order":0,"comment_status":"closed","ping_status":"closed","template":"elementor_canvas","meta":{"inline_featured_image":false,"footnotes":""},"class_list":["post-362","page","type-page","status-publish","hentry"],"yoast_head":"<!-- This site is optimized with the Yoast SEO plugin v27.3 - https:\/\/yoast.com\/product\/yoast-seo-wordpress\/ -->\n<title>\u00dadr\u017eba webu - Ortho Hering<\/title>\n<meta name=\"robots\" content=\"index, follow, max-snippet:-1, max-image-preview:large, max-video-preview:-1\" \/>\n<link rel=\"canonical\" href=\"https:\/\/www.orthohering.cz\/\" \/>\n<meta property=\"og:locale\" content=\"cs_CZ\" \/>\n<meta property=\"og:type\" content=\"article\" \/>\n<meta property=\"og:title\" content=\"\u00dadr\u017eba webu - Ortho Hering\" \/>\n<meta property=\"og:description\" content=\"Str\u00e1nky jsou aktu\u00e1ln\u011b v \u00fadr\u017eb\u011b. Dostupn\u00e9 budou nejpozd\u011bji 6. dubna.\" \/>\n<meta property=\"og:url\" content=\"https:\/\/www.orthohering.cz\/\" \/>\n<meta property=\"og:site_name\" content=\"Ortho Hering\" \/>\n<meta property=\"article:modified_time\" content=\"2026-04-04T21:06:39+00:00\" \/>\n<meta name=\"twitter:card\" content=\"summary_large_image\" \/>\n<script type=\"application\/ld+json\" class=\"yoast-schema-graph\">{\"@context\":\"https:\\\/\\\/schema.org\",\"@graph\":[{\"@type\":\"WebPage\",\"@id\":\"https:\\\/\\\/www.orthohering.cz\\\/\",\"url\":\"https:\\\/\\\/www.orthohering.cz\\\/\",\"name\":\"\u00dadr\u017eba webu - Ortho Hering\",\"isPartOf\":{\"@id\":\"https:\\\/\\\/www.orthohering.cz\\\/#website\"},\"datePublished\":\"2026-04-04T21:00:35+00:00\",\"dateModified\":\"2026-04-04T21:06:39+00:00\",\"breadcrumb\":{\"@id\":\"https:\\\/\\\/www.orthohering.cz\\\/#breadcrumb\"},\"inLanguage\":\"cs\",\"potentialAction\":[{\"@type\":\"ReadAction\",\"target\":[\"https:\\\/\\\/www.orthohering.cz\\\/\"]}]},{\"@type\":\"BreadcrumbList\",\"@id\":\"https:\\\/\\\/www.orthohering.cz\\\/#breadcrumb\",\"itemListElement\":[{\"@type\":\"ListItem\",\"position\":1,\"name\":\"Dom\u016f\",\"item\":\"https:\\\/\\\/www.orthohering.cz\\\/\"},{\"@type\":\"ListItem\",\"position\":2,\"name\":\"\u00dadr\u017eba webu\"}]},{\"@type\":\"WebSite\",\"@id\":\"https:\\\/\\\/www.orthohering.cz\\\/#website\",\"url\":\"https:\\\/\\\/www.orthohering.cz\\\/\",\"name\":\"Ortho Hering\",\"description\":\"Ortodontick\u00e1 klinika, kde se medic\u00edna potk\u00e1v\u00e1 s estetikou a lidsk\u00fdm p\u0159\u00edstupem.\",\"potentialAction\":[{\"@type\":\"SearchAction\",\"target\":{\"@type\":\"EntryPoint\",\"urlTemplate\":\"https:\\\/\\\/www.orthohering.cz\\\/?s={search_term_string}\"},\"query-input\":{\"@type\":\"PropertyValueSpecification\",\"valueRequired\":true,\"valueName\":\"search_term_string\"}}],\"inLanguage\":\"cs\"}]}<\/script>\n<!-- \/ Yoast SEO plugin. -->","yoast_head_json":{"title":"\u00dadr\u017eba webu - Ortho Hering","robots":{"index":"index","follow":"follow","max-snippet":"max-snippet:-1","max-image-preview":"max-image-preview:large","max-video-preview":"max-video-preview:-1"},"canonical":"https:\/\/www.orthohering.cz\/","og_locale":"cs_CZ","og_type":"article","og_title":"\u00dadr\u017eba webu - Ortho Hering","og_description":"Str\u00e1nky jsou aktu\u00e1ln\u011b v \u00fadr\u017eb\u011b. Dostupn\u00e9 budou nejpozd\u011bji 6. dubna.","og_url":"https:\/\/www.orthohering.cz\/","og_site_name":"Ortho Hering","article_modified_time":"2026-04-04T21:06:39+00:00","twitter_card":"summary_large_image","schema":{"@context":"https:\/\/schema.org","@graph":[{"@type":"WebPage","@id":"https:\/\/www.orthohering.cz\/","url":"https:\/\/www.orthohering.cz\/","name":"\u00dadr\u017eba webu - Ortho Hering","isPartOf":{"@id":"https:\/\/www.orthohering.cz\/#website"},"datePublished":"2026-04-04T21:00:35+00:00","dateModified":"2026-04-04T21:06:39+00:00","breadcrumb":{"@id":"https:\/\/www.orthohering.cz\/#breadcrumb"},"inLanguage":"cs","potentialAction":[{"@type":"ReadAction","target":["https:\/\/www.orthohering.cz\/"]}]},{"@type":"BreadcrumbList","@id":"https:\/\/www.orthohering.cz\/#breadcrumb","itemListElement":[{"@type":"ListItem","position":1,"name":"Dom\u016f","item":"https:\/\/www.orthohering.cz\/"},{"@type":"ListItem","position":2,"name":"\u00dadr\u017eba webu"}]},{"@type":"WebSite","@id":"https:\/\/www.orthohering.cz\/#website","url":"https:\/\/www.orthohering.cz\/","name":"Ortho Hering","description":"Ortodontick\u00e1 klinika, kde se medic\u00edna potk\u00e1v\u00e1 s estetikou a lidsk\u00fdm p\u0159\u00edstupem.","potentialAction":[{"@type":"SearchAction","target":{"@type":"EntryPoint","urlTemplate":"https:\/\/www.orthohering.cz\/?s={search_term_string}"},"query-input":{"@type":"PropertyValueSpecification","valueRequired":true,"valueName":"search_term_string"}}],"inLanguage":"cs"}]}},"_links":{"self":[{"href":"https:\/\/www.orthohering.cz\/index.php\/wp-json\/wp\/v2\/pages\/362","targetHints":{"allow":["GET"]}}],"collection":[{"href":"https:\/\/www.orthohering.cz\/index.php\/wp-json\/wp\/v2\/pages"}],"about":[{"href":"https:\/\/www.orthohering.cz\/index.php\/wp-json\/wp\/v2\/types\/page"}],"author":[{"embeddable":true,"href":"https:\/\/www.orthohering.cz\/index.php\/wp-json\/wp\/v2\/users\/7"}],"replies":[{"embeddable":true,"href":"https:\/\/www.orthohering.cz\/index.php\/wp-json\/wp\/v2\/comments?post=362"}],"version-history":[{"count":10,"href":"https:\/\/www.orthohering.cz\/index.php\/wp-json\/wp\/v2\/pages\/362\/revisions"}],"predecessor-version":[{"id":375,"href":"https:\/\/www.orthohering.cz\/index.php\/wp-json\/wp\/v2\/pages\/362\/revisions\/375"}],"wp:attachment":[{"href":"https:\/\/www.orthohering.cz\/index.php\/wp-json\/wp\/v2\/media?parent=362"}],"curies":[{"name":"wp","href":"https:\/\/api.w.org\/{rel}","templated":true}]}}